{"id":47,"date":"2024-09-04T11:51:33","date_gmt":"2024-09-04T11:51:33","guid":{"rendered":"https:\/\/biedronkawjednosci.pl\/?page_id=47"},"modified":"2025-03-14T22:40:19","modified_gmt":"2025-03-14T22:40:19","slug":"jak-sie-zapisac","status":"publish","type":"page","link":"https:\/\/biedronkawjednosci.pl\/index.php\/jak-sie-zapisac\/","title":{"rendered":"Jak si\u0119 zapisa\u0107 ?"},"content":{"rendered":"\n<p>Zapisanie do naszej organizacji jest bardzo proste, cho\u0107 wymaga chwilk\u0119 czasu. Nie wi\u0119cej jednak ni\u017c jeden odcinek serialu, a korzy\u015bci jest o wiele wi\u0119cej !<\/p>\n\n\n\n<ol class=\"wp-block-list\">\n<li>Wchodzimy na stron\u0119 <a href=\"https:\/\/biedronkawjednosci.pl\/\">https:\/\/biedronkawjednosci.pl\/<\/a> i \u015bci\u0105gamy dwa pliki z podstrony DEKLARACJA DO \u015aCI\u0104GNI\u0118CIA. Wystarczy klikn\u0105\u0107 na logo strza\u0142ki nad kresk\u0105, lub napis &#8220;Pobierz&#8221;<\/li>\n\n\n\n<li>Drukujemy je i CZYTELNIE WYPE\u0141NIAMY. Bardzo wa\u017cny jest nasz osobisty podpis !<\/li>\n\n\n\n<li>Kontaktujemy si\u0119 ze zwi\u0105zkiem zawodowym, dzi\u0119ki temu nie p\u0142acimy za przesy\u0142k\u0119 za pomoc\u0105 paczkomatu. Zwi\u0105zek to za\u0142atwi i wy\u015ble nam etykiet\u0119, kt\u00f3r\u0105 trzeba b\u0119dzie tylko przyklei\u0107 na list.<\/li>\n\n\n\n<li>Lub obydwa dokumenty wysy\u0142amy na adres :<strong>Skrytka pocztow\u0105 nr 191, Urz\u0105d Pocztowy Stalowa Wola 1, 37-450 Stalowa Wola<\/strong><\/li>\n\n\n\n<li>Czekamy na potwierdzenie wp\u0142yni\u0119cia dokument\u00f3w.<\/li>\n<\/ol>\n","protected":false},"excerpt":{"rendered":"<p>Zapisanie do naszej organizacji jest bardzo proste, cho\u0107 wymaga chwilk\u0119 czasu. Nie wi\u0119cej jednak ni\u017c jeden odcinek serialu, a korzy\u015bci jest o wiele wi\u0119cej !<\/p>\n","protected":false},"author":1,"featured_media":0,"parent":0,"menu_order":0,"comment_status":"closed","ping_status":"closed","template":"","meta":{"footnotes":""},"class_list":["post-47","page","type-page","status-publish","hentry"],"_links":{"self":[{"href":"https:\/\/biedronkawjednosci.pl\/index.php\/wp-json\/wp\/v2\/pages\/47","targetHints":{"allow":["GET"]}}],"collection":[{"href":"https:\/\/biedronkawjednosci.pl\/index.php\/wp-json\/wp\/v2\/pages"}],"about":[{"href":"https:\/\/biedronkawjednosci.pl\/index.php\/wp-json\/wp\/v2\/types\/page"}],"author":[{"embeddable":true,"href":"https:\/\/biedronkawjednosci.pl\/index.php\/wp-json\/wp\/v2\/users\/1"}],"replies":[{"embeddable":true,"href":"https:\/\/biedronkawjednosci.pl\/index.php\/wp-json\/wp\/v2\/comments?post=47"}],"version-history":[{"count":4,"href":"https:\/\/biedronkawjednosci.pl\/index.php\/wp-json\/wp\/v2\/pages\/47\/revisions"}],"predecessor-version":[{"id":126,"href":"https:\/\/biedronkawjednosci.pl\/index.php\/wp-json\/wp\/v2\/pages\/47\/revisions\/126"}],"wp:attachment":[{"href":"https:\/\/biedronkawjednosci.pl\/index.php\/wp-json\/wp\/v2\/media?parent=47"}],"curies":[{"name":"wp","href":"https:\/\/api.w.org\/{rel}","templated":true}]}}