{"id":24,"date":"2024-09-04T10:46:50","date_gmt":"2024-09-04T10:46:50","guid":{"rendered":"https:\/\/biedronkawjednosci.pl\/?page_id=24"},"modified":"2024-09-04T11:22:34","modified_gmt":"2024-09-04T11:22:34","slug":"24-2","status":"publish","type":"page","link":"https:\/\/biedronkawjednosci.pl\/index.php\/24-2\/","title":{"rendered":"DEKLARACJE DO \u015aCI\u0104GNI\u0118CIA"},"content":{"rendered":"\n<div data-wp-interactive=\"core\/file\" class=\"wp-block-file\"><object data-wp-bind--hidden=\"!state.hasPdfPreview\" hidden class=\"wp-block-file__embed\" data=\"https:\/\/biedronkawjednosci.pl\/wp-content\/uploads\/2024\/09\/DEKLARACJA-WPLAT-1.pdf\" type=\"application\/pdf\" style=\"width:100%;height:600px\" aria-label=\"Embed of DEKLARACJA WPLAT.\"><\/object><a id=\"wp-block-file--media-e5d6ee8f-0ced-4ad2-8ebc-6ed71223f3f3\" href=\"https:\/\/biedronkawjednosci.pl\/wp-content\/uploads\/2024\/09\/DEKLARACJA-WPLAT-1.pdf\">DEKLARACJA WPLAT<\/a><a href=\"https:\/\/biedronkawjednosci.pl\/wp-content\/uploads\/2024\/09\/DEKLARACJA-WPLAT-1.pdf\" class=\"wp-block-file__button wp-element-button\" download aria-describedby=\"wp-block-file--media-e5d6ee8f-0ced-4ad2-8ebc-6ed71223f3f3\">Pobierz<\/a><\/div>\n\n\n\n<div data-wp-interactive=\"core\/file\" class=\"wp-block-file\"><object data-wp-bind--hidden=\"!state.hasPdfPreview\" hidden class=\"wp-block-file__embed\" data=\"https:\/\/biedronkawjednosci.pl\/wp-content\/uploads\/2024\/09\/WNOSEK-O-PRZYJECIE-1.pdf\" type=\"application\/pdf\" style=\"width:100%;height:600px\" aria-label=\"Embed of WNOSEK O PRZYJECIE.\"><\/object><a id=\"wp-block-file--media-2418e882-6581-4dc6-bd2d-37146dc72a15\" href=\"https:\/\/biedronkawjednosci.pl\/wp-content\/uploads\/2024\/09\/WNOSEK-O-PRZYJECIE-1.pdf\">WNOSEK O PRZYJECIE<\/a><a href=\"https:\/\/biedronkawjednosci.pl\/wp-content\/uploads\/2024\/09\/WNOSEK-O-PRZYJECIE-1.pdf\" class=\"wp-block-file__button wp-element-button\" download aria-describedby=\"wp-block-file--media-2418e882-6581-4dc6-bd2d-37146dc72a15\">Pobierz<\/a><\/div>\n","protected":false},"excerpt":{"rendered":"","protected":false},"author":1,"featured_media":0,"parent":0,"menu_order":0,"comment_status":"closed","ping_status":"closed","template":"","meta":{"footnotes":""},"class_list":["post-24","page","type-page","status-publish","hentry"],"_links":{"self":[{"href":"https:\/\/biedronkawjednosci.pl\/index.php\/wp-json\/wp\/v2\/pages\/24","targetHints":{"allow":["GET"]}}],"collection":[{"href":"https:\/\/biedronkawjednosci.pl\/index.php\/wp-json\/wp\/v2\/pages"}],"about":[{"href":"https:\/\/biedronkawjednosci.pl\/index.php\/wp-json\/wp\/v2\/types\/page"}],"author":[{"embeddable":true,"href":"https:\/\/biedronkawjednosci.pl\/index.php\/wp-json\/wp\/v2\/users\/1"}],"replies":[{"embeddable":true,"href":"https:\/\/biedronkawjednosci.pl\/index.php\/wp-json\/wp\/v2\/comments?post=24"}],"version-history":[{"count":6,"href":"https:\/\/biedronkawjednosci.pl\/index.php\/wp-json\/wp\/v2\/pages\/24\/revisions"}],"predecessor-version":[{"id":44,"href":"https:\/\/biedronkawjednosci.pl\/index.php\/wp-json\/wp\/v2\/pages\/24\/revisions\/44"}],"wp:attachment":[{"href":"https:\/\/biedronkawjednosci.pl\/index.php\/wp-json\/wp\/v2\/media?parent=24"}],"curies":[{"name":"wp","href":"https:\/\/api.w.org\/{rel}","templated":true}]}}