{"id":2,"date":"2024-05-20T05:06:41","date_gmt":"2024-05-20T05:06:41","guid":{"rendered":"http:\/\/biedronkawjednosci.pl\/?page_id=2"},"modified":"2024-09-04T11:35:40","modified_gmt":"2024-09-04T11:35:40","slug":"sample-page","status":"publish","type":"page","link":"https:\/\/biedronkawjednosci.pl\/index.php\/sample-page\/","title":{"rendered":"Kim jeste\u015bmy"},"content":{"rendered":"\n<p><\/p>\n\n\n\n<p>Historia:<\/p>\n\n\n\n<p>Nasz zwi\u0105zek powsta\u0142 w 2015 roku. Przez kolejne lata systematycznie si\u0119 rozwija\u0142 wchodz\u0105c do kolejnych ga\u0142\u0119zi gospodarki, i stopniowo zwi\u0119kszaj\u0105c swoj\u0105 liczebno\u015b\u0107.<\/p>\n\n\n\n<p>Misja:<\/p>\n\n\n\n<p>Nasz zwi\u0105zek opiera si\u0119 na trzech bezdyskusyjnych filarach:<\/p>\n\n\n\n<ol class=\"wp-block-list\">\n<li>APOLITYCZNO\u015a\u0106 czyli jeste\u015bmy z daleka od ka\u017cdej opcji politycznej. KA\u017bDEJ. Jeste\u015bmy zwi\u0105zkiem pracownik\u00f3w dla pracownik\u00f3w, a nie trampolin\u0105 polityczn\u0105 lub magazynem g\u0142os\u00f3w.<\/li>\n\n\n\n<li>PRACOWNICY DLA PRACOWNIK\u00d3W, czyli trzon zwi\u0105zku tworz\u0105 osoby pracuj\u0105ce na najni\u017cszych stanowiskach, a nie menad\u017cerowie lub osoby wysoko postawione w centralach. Nie jeste\u015bmy uwi\u0105zaniu wysokimi kontraktami, nie bierzemy pieni\u0119dzy od pracodawc\u00f3w za samo bycie zwi\u0105zkowcem.<\/li>\n\n\n\n<li>SKUTECZNO\u015a\u0106 poprzez PRAWD\u0118, czyli  zawsze d\u0105\u017cymy do skutecznego rozwi\u0105zania problemu, od sprawy podwy\u017cek po pojedy\u0144cze sprawy pracownik\u00f3w. Ale jeste\u015bmy skuteczni bo opieramy si\u0119 na prawdzie czyli tym co jest. Nie obiecujemy cud\u00f3w, nie k\u0142amiemy naszych cz\u0142onk\u00f3w, \u017ce ka\u017cda sprawa jest do wygrania, czasem brutalnie m\u00f3wimy jak wygl\u0105da prawo pracy.<\/li>\n<\/ol>\n\n\n\n<p>W\u0141ADZE:<\/p>\n\n\n\n<p>WZZ &#8220;Jedno\u015b\u0107 Pracownicza&#8221; sk\u0142ada si\u0119 z kilku organizacji zwi\u0105zkowych (co\u015b jak r\u00f3\u017cne dzia\u0142y jednej firmy) , organizacja dedykowana handlowi do 002. Jej g\u0142\u00f3wnym przedmiotem dzia\u0142a\u0144 jest pomoc pracownikom Kauflandu Polska Markety s. z o.o.(czyli pracownikom sieci Kaufland) oraz Jeromo Martins S.A. (czyli pracownikom sieci Biedronka)<\/p>\n\n\n\n<p>Przewodnicz\u0105cym organizacji jest Micha\u0142 Aksak &#8211; obecnie pracownik JM (Biedronka) na stanowisku kasjer-sprzedawca, wcze\u015bniej Kauflandu, \u0142\u0105czny sta\u017c pracy w obydwu firmach blisko 10 lat. Dodatkowo spo\u0142eczny radny rady osiedla we Wroc\u0142awiu, wcze\u015bniej wieloletni wolontariusz w r\u00f3\u017cnych o\u015brodkach opieku\u0144czych. Cz\u0142onkiem zarz\u0105du jest Pawe\u0142 Chamera wieloletni pracownik JM (Biedronka) , aktualnie Kaufland. Pawe\u0142 uko\u0144czy\u0142 studia wy\u017csze, w przesz\u0142o\u015bci aktywnie dzia\u0142a\u0142 w 3 sektorze. Sk\u0142ad zarz\u0105du uzupe\u0142nia Teresa W\u00f3jcik. <\/p>\n\n\n\n<p>Jak wida\u0107 zarz\u0105d organizacji 002 to osoby, kt\u00f3re od samego do\u0142u znaj\u0105 realia pracy w handlu, problemy pracownik\u00f3w oraz sposoby ich rozwi\u0105zania.<\/p>\n","protected":false},"excerpt":{"rendered":"<p>Historia: Nasz zwi\u0105zek powsta\u0142 w 2015 roku. Przez kolejne lata systematycznie si\u0119 rozwija\u0142 wchodz\u0105c do kolejnych ga\u0142\u0119zi gospodarki, i stopniowo zwi\u0119kszaj\u0105c swoj\u0105 liczebno\u015b\u0107. Misja: Nasz zwi\u0105zek opiera si\u0119 na trzech bezdyskusyjnych filarach: W\u0141ADZE: WZZ &#8220;Jedno\u015b\u0107 Pracownicza&#8221; sk\u0142ada si\u0119 z kilku organizacji zwi\u0105zkowych (co\u015b jak r\u00f3\u017cne dzia\u0142y jednej firmy) , organizacja dedykowana handlowi do 002. Jej [&hellip;]<\/p>\n","protected":false},"author":1,"featured_media":0,"parent":0,"menu_order":0,"comment_status":"closed","ping_status":"open","template":"","meta":{"footnotes":""},"class_list":["post-2","page","type-page","status-publish","hentry"],"_links":{"self":[{"href":"https:\/\/biedronkawjednosci.pl\/index.php\/wp-json\/wp\/v2\/pages\/2","targetHints":{"allow":["GET"]}}],"collection":[{"href":"https:\/\/biedronkawjednosci.pl\/index.php\/wp-json\/wp\/v2\/pages"}],"about":[{"href":"https:\/\/biedronkawjednosci.pl\/index.php\/wp-json\/wp\/v2\/types\/page"}],"author":[{"embeddable":true,"href":"https:\/\/biedronkawjednosci.pl\/index.php\/wp-json\/wp\/v2\/users\/1"}],"replies":[{"embeddable":true,"href":"https:\/\/biedronkawjednosci.pl\/index.php\/wp-json\/wp\/v2\/comments?post=2"}],"version-history":[{"count":3,"href":"https:\/\/biedronkawjednosci.pl\/index.php\/wp-json\/wp\/v2\/pages\/2\/revisions"}],"predecessor-version":[{"id":46,"href":"https:\/\/biedronkawjednosci.pl\/index.php\/wp-json\/wp\/v2\/pages\/2\/revisions\/46"}],"wp:attachment":[{"href":"https:\/\/biedronkawjednosci.pl\/index.php\/wp-json\/wp\/v2\/media?parent=2"}],"curies":[{"name":"wp","href":"https:\/\/api.w.org\/{rel}","templated":true}]}}